{"id":2,"date":"2009-04-06T19:21:36","date_gmt":"2009-04-06T17:21:36","guid":{"rendered":"http:\/\/www.blog.asmus-puhl.com\/?page_id=2"},"modified":"2010-12-13T18:01:04","modified_gmt":"2010-12-13T16:01:04","slug":"about","status":"publish","type":"page","link":"http:\/\/www.blog.asmus-puhl.com\/?page_id=2","title":{"rendered":"About Me"},"content":{"rendered":"<p><img loading=\"lazy\" class=\"aligncenter size-full wp-image-12\" title=\"pic_apuhl3\" src=\"http:\/\/www.blog.asmus-puhl.com\/wp-content\/uploads\/2009\/04\/pic_apuhl3.jpg\" alt=\"pic_apuhl3\" width=\"117\" height=\"175\" \/><\/p>\n<p>Born 1958 in Hamburg \/ Germany. After school traineeship with Deutsche Bank, Cologne and brief work as a foreign exchange trader with Deutsche Bank Hamburg.<\/p>\n<p>Study of Law at University of Freiburg, Germany. Holds a degree of international law and comparative law of University of Strasburg, France.<\/p>\n<p>From 1990 until 1996 worked as an international lawyer in Milano, Italy.<\/p>\n<p>From 1997 until 2010 partner of Swiss asset management company Ramseier &amp; Partner AG in Bern.<\/p>\n<p>Today works as an independent financial advisor.<\/p>\n<p>Specialized in stock research and analysis especially in the small and midcap sector.<\/p>\n<p>Maried, one child. Lives in Switzerland.<\/p>\n<p><em><strong>You can send an email to:\u00a0 blog@asmus-puhl.com<\/strong><\/em><\/p>\n<p class=\"MsoNormal\" style=\"text-align: left; line-height: normal;\"><em><strong>Disclaimer: <\/strong><\/em><\/p>\n<p class=\"MsoNormal\" style=\"text-align: left; line-height: normal;\">This is a private discussion board about financial markets, economic trends, stocks etc.<\/p>\n<p class=\"MsoNormal\" style=\"text-align: left; line-height: normal;\">This blog does not give investment advice and does not have any commercial interest. If you invest in stocks or bonds discussed here please do your own due diligence!<\/p>\n<p class=\"MsoNormal\" style=\"text-align: left; line-height: normal;\"><span style=\"font-size: 12pt; font-family: &quot;Arial&quot;,&quot;sans-serif&quot;;\" lang=\"EN-US\"> <\/span><\/p>\n<p><em><strong>&#8211; &#8211; &#8211; &#8211; &#8211; &#8211; &#8211; &#8211; &#8211; &#8211; &#8211; &#8211; &#8211; &#8211; &#8211; &#8211; &#8211; &#8211; &#8211; &#8211; &#8211; &#8211; &#8211;<br \/>\n<\/strong><\/em><\/p>\n<p><em><strong>\u00dcber mich:<\/strong><\/em><\/p>\n<p>Geboren 1958 in Hamburg, Deutschland. Nach dem Gymnasium Bankkaufmannslehre Deutsche Bank, K\u00f6ln und anschliessend kurze T\u00e4tigkeit als Devisenh\u00e4ndler Deutsche Bank Hamburg.<\/p>\n<p>Studium der Rechtswissenschaft an der Universit\u00e4t Freiburg\/Deutschland. Diplom des internationalen Rechts und Rechtsvergleichung Universit\u00e4t Strasburg, Frankreich.<\/p>\n<p>Von 1990 bis 1996 T\u00e4tigkeit als internationaler Rechtsanwalt in Mailand, Italien.<\/p>\n<p>Von 1997 bis 2010 Partner in der Schweizer Verm\u00f6gensverwaltungsfirma Ramseier &amp; Partner AG in Bern.<\/p>\n<p>Heute als unabh\u00e4ngiger Finanzberater t\u00e4tig.<\/p>\n<p>Spezialisiert in Aktienanalyse insbesondere im Small und Midcap Bereich.<\/p>\n<p>Verheiratet, ein Kind. Lebt in der Schweiz.<\/p>\n<p><em><strong>Sie k\u00f6nnen mir eine Email senden an:\u00a0 blog@asmus-puhl.com<\/strong><\/em><\/p>\n<p><em><strong>Hinweis: <\/strong><\/em><\/p>\n<p>In diesem Blog finden Sie Beitr\u00e4ge und Diskussionen \u00fcber Finanzm\u00e4rkte, wirtschaftliche Entwicklungen, Aktien etc. <em><strong><br \/>\n<\/strong><\/em><\/p>\n<p class=\"MsoNormal\" style=\"margin-bottom: 0.0001pt; text-align: left; line-height: normal;\">Er stellt keine Anlageberatung dar und hat kein kommerzielles Interesse. Falls Sie in hier erw\u00e4hnte Titel investieren, tun Sie dies auf eigenes Risiko!<strong><em><span style=\"font-size: 12pt; font-family: &quot;Arial&quot;,&quot;sans-serif&quot;;\"><br \/>\n<\/span><\/em><\/strong><\/p>\n","protected":false},"excerpt":{"rendered":"<p>Born 1958 in Hamburg \/ Germany. After school traineeship with Deutsche Bank, Cologne and brief work as a foreign exchange trader with Deutsche Bank Hamburg. Study of Law at University of Freiburg, Germany. Holds a degree of international law and comparative law of University of Strasburg, France. From 1990 until 1996 worked as an international [&hellip;]<\/p>\n","protected":false},"author":1,"featured_media":0,"parent":0,"menu_order":0,"comment_status":"closed","ping_status":"open","template":"","meta":[],"_links":{"self":[{"href":"http:\/\/www.blog.asmus-puhl.com\/index.php?rest_route=\/wp\/v2\/pages\/2"}],"collection":[{"href":"http:\/\/www.blog.asmus-puhl.com\/index.php?rest_route=\/wp\/v2\/pages"}],"about":[{"href":"http:\/\/www.blog.asmus-puhl.com\/index.php?rest_route=\/wp\/v2\/types\/page"}],"author":[{"embeddable":true,"href":"http:\/\/www.blog.asmus-puhl.com\/index.php?rest_route=\/wp\/v2\/users\/1"}],"replies":[{"embeddable":true,"href":"http:\/\/www.blog.asmus-puhl.com\/index.php?rest_route=%2Fwp%2Fv2%2Fcomments&post=2"}],"version-history":[{"count":16,"href":"http:\/\/www.blog.asmus-puhl.com\/index.php?rest_route=\/wp\/v2\/pages\/2\/revisions"}],"predecessor-version":[{"id":592,"href":"http:\/\/www.blog.asmus-puhl.com\/index.php?rest_route=\/wp\/v2\/pages\/2\/revisions\/592"}],"wp:attachment":[{"href":"http:\/\/www.blog.asmus-puhl.com\/index.php?rest_route=%2Fwp%2Fv2%2Fmedia&parent=2"}],"curies":[{"name":"wp","href":"https:\/\/api.w.org\/{rel}","templated":true}]}}